{"id":12,"date":"2021-04-19T21:28:54","date_gmt":"2021-04-19T19:28:54","guid":{"rendered":"https:\/\/parkzywiolow.pl\/empiria\/?page_id=12"},"modified":"2021-05-05T18:17:30","modified_gmt":"2021-05-05T16:17:30","slug":"pokazy-chemiczne","status":"publish","type":"page","link":"https:\/\/parkzywiolow.pl\/empiria\/pokazy-chemiczne\/","title":{"rendered":"Pokazy Chemiczne"},"content":{"rendered":"\t\t<div data-elementor-type=\"wp-page\" data-elementor-id=\"12\" class=\"elementor elementor-12\">\n\t\t\t\t\t\t\t\t\t<section class=\"elementor-section elementor-top-section elementor-element elementor-element-4f2677b2 elementor-section-boxed elementor-section-height-default elementor-section-height-default\" data-id=\"4f2677b2\" data-element_type=\"section\">\n\t\t\t\t\t\t<div class=\"elementor-container elementor-column-gap-default\">\n\t\t\t\t\t<div class=\"elementor-column elementor-col-50 elementor-top-column elementor-element elementor-element-77303c01\" data-id=\"77303c01\" data-element_type=\"column\">\n\t\t\t<div class=\"elementor-widget-wrap elementor-element-populated\">\n\t\t\t\t\t\t\t\t<div class=\"elementor-element elementor-element-4ba585aa elementor-widget elementor-widget-image\" data-id=\"4ba585aa\" data-element_type=\"widget\" data-widget_type=\"image.default\">\n\t\t\t\t<div class=\"elementor-widget-container\">\n\t\t\t\t\t\t\t\t\t\t\t\t\t\t\t<img width=\"1024\" height=\"768\" src=\"https:\/\/parkzywiolow.pl\/empiria\/wp-content\/uploads\/sites\/2\/2021\/04\/IMG_20200725_161338-1024x768.jpg\" class=\"attachment-large size-large\" alt=\"\" loading=\"lazy\" srcset=\"https:\/\/parkzywiolow.pl\/empiria\/wp-content\/uploads\/sites\/2\/2021\/04\/IMG_20200725_161338-1024x768.jpg 1024w, https:\/\/parkzywiolow.pl\/empiria\/wp-content\/uploads\/sites\/2\/2021\/04\/IMG_20200725_161338-300x225.jpg 300w, https:\/\/parkzywiolow.pl\/empiria\/wp-content\/uploads\/sites\/2\/2021\/04\/IMG_20200725_161338-768x576.jpg 768w, https:\/\/parkzywiolow.pl\/empiria\/wp-content\/uploads\/sites\/2\/2021\/04\/IMG_20200725_161338-1536x1152.jpg 1536w, https:\/\/parkzywiolow.pl\/empiria\/wp-content\/uploads\/sites\/2\/2021\/04\/IMG_20200725_161338-2048x1536.jpg 2048w\" sizes=\"(max-width: 1024px) 100vw, 1024px\" \/>\t\t\t\t\t\t\t\t\t\t\t\t\t\t\t<\/div>\n\t\t\t\t<\/div>\n\t\t\t\t\t<\/div>\n\t\t<\/div>\n\t\t\t\t<div class=\"elementor-column elementor-col-50 elementor-top-column elementor-element elementor-element-15ca6f05\" data-id=\"15ca6f05\" data-element_type=\"column\" data-settings=\"{&quot;background_background&quot;:&quot;classic&quot;}\">\n\t\t\t<div class=\"elementor-widget-wrap elementor-element-populated\">\n\t\t\t\t\t\t\t\t<div class=\"elementor-element elementor-element-21819faf elementor-widget elementor-widget-heading\" data-id=\"21819faf\" data-element_type=\"widget\" data-widget_type=\"heading.default\">\n\t\t\t\t<div class=\"elementor-widget-container\">\n\t\t\t<h2 class=\"elementor-heading-title elementor-size-default\">Pokazy naukowe<\/h2>\t\t<\/div>\n\t\t\t\t<\/div>\n\t\t\t\t<div class=\"elementor-element elementor-element-6361e218 elementor-widget elementor-widget-text-editor\" data-id=\"6361e218\" data-element_type=\"widget\" data-widget_type=\"text-editor.default\">\n\t\t\t\t<div class=\"elementor-widget-container\">\n\t\t\t\t\t\t\t<p><span style=\"font-weight: 400;\">Zapraszamy Was na warsztaty, w kt\u00f3rych nasi go\u015bcie ju\u017c od najm\u0142odszych lat mog\u0105 obcowa\u0107 ze \u015bwiatem nauki. Trwaj\u0105 one 45 lub 60 minut, a maksymalna liczba uczestnik\u00f3w wynosi 16. W ramach ka\u017cdego ze spotka\u0144 zapewniamy mo\u017cliwo\u015b\u0107 czynnego udzia\u0142u w fenomenalnych eksperymentach. B\u0119dziecie mogli samodzielnie doprowadzi\u0107 wulkan do wybuchu, zbudowa\u0107 sw\u00f3j podwodny \u015bwiat i sprawi\u0107, \u017ce stru\u017cka wody ciekn\u0105ca z g\u00f3ry zmieni sw\u00f3j bieg.<\/span><\/p>\t\t\t\t\t\t<\/div>\n\t\t\t\t<\/div>\n\t\t\t\t\t<\/div>\n\t\t<\/div>\n\t\t\t\t\t\t\t<\/div>\n\t\t<\/section>\n\t\t\t\t<section class=\"elementor-section elementor-top-section elementor-element elementor-element-345c5e6 elementor-section-boxed elementor-section-height-default elementor-section-height-default\" data-id=\"345c5e6\" data-element_type=\"section\">\n\t\t\t\t\t\t<div class=\"elementor-container elementor-column-gap-default\">\n\t\t\t\t\t<div class=\"elementor-column elementor-col-100 elementor-top-column elementor-element elementor-element-e30dbd8\" data-id=\"e30dbd8\" data-element_type=\"column\">\n\t\t\t<div class=\"elementor-widget-wrap elementor-element-populated\">\n\t\t\t\t\t\t\t\t<div class=\"elementor-element elementor-element-2780211 elementor-widget elementor-widget-heading\" data-id=\"2780211\" data-element_type=\"widget\" data-widget_type=\"heading.default\">\n\t\t\t\t<div class=\"elementor-widget-container\">\n\t\t\t<h2 class=\"elementor-heading-title elementor-size-default\">Nauka to super zabawa!<\/h2>\t\t<\/div>\n\t\t\t\t<\/div>\n\t\t\t\t<div class=\"elementor-element elementor-element-03882af magic-hover magic-hover__square elementor-arrows-position-inside elementor-pagination-position-outside elementor-widget elementor-widget-image-carousel\" data-id=\"03882af\" data-element_type=\"widget\" data-settings=\"{&quot;slides_to_show&quot;:&quot;3&quot;,&quot;image_spacing_custom&quot;:{&quot;unit&quot;:&quot;px&quot;,&quot;size&quot;:1,&quot;sizes&quot;:[]},&quot;navigation&quot;:&quot;both&quot;,&quot;autoplay&quot;:&quot;yes&quot;,&quot;pause_on_hover&quot;:&quot;yes&quot;,&quot;pause_on_interaction&quot;:&quot;yes&quot;,&quot;autoplay_speed&quot;:5000,&quot;infinite&quot;:&quot;yes&quot;,&quot;speed&quot;:500}\" data-widget_type=\"image-carousel.default\">\n\t\t\t\t<div class=\"elementor-widget-container\">\n\t\t\t\t\t<div class=\"elementor-image-carousel-wrapper swiper-container\" dir=\"ltr\">\n\t\t\t<div class=\"elementor-image-carousel swiper-wrapper\">\n\t\t\t\t\t\t\t\t<div class=\"swiper-slide\"><a data-elementor-open-lightbox=\"yes\" data-elementor-lightbox-slideshow=\"03882af\" data-elementor-lightbox-title=\"IMG_20200711_122605\" e-action-hash=\"#elementor-action%3Aaction%3Dlightbox%26settings%3DeyJpZCI6NTg2LCJ1cmwiOiJodHRwczpcL1wvcGFya3p5d2lvbG93LnBsXC9lbXBpcmlhXC93cC1jb250ZW50XC91cGxvYWRzXC9zaXRlc1wvMlwvMjAyMVwvMDRcL0lNR18yMDIwMDcxMV8xMjI2MDUtc2NhbGVkLmpwZyIsInNsaWRlc2hvdyI6IjAzODgyYWYifQ%3D%3D\" href=\"https:\/\/parkzywiolow.pl\/empiria\/wp-content\/uploads\/sites\/2\/2021\/04\/IMG_20200711_122605-scaled.jpg\"><figure class=\"swiper-slide-inner\"><img class=\"swiper-slide-image\" src=\"https:\/\/parkzywiolow.pl\/empiria\/wp-content\/uploads\/sites\/2\/elementor\/thumbs\/IMG_20200711_122605-scaled-qj1h4wj1gl2vq9vap7tu0sk5dgxust5wi6ejkll0i8.jpg\" alt=\"IMG_20200711_122605\" \/><\/figure><\/a><\/div><div class=\"swiper-slide\"><a data-elementor-open-lightbox=\"yes\" data-elementor-lightbox-slideshow=\"03882af\" data-elementor-lightbox-title=\"IMG_20200711_122508\" e-action-hash=\"#elementor-action%3Aaction%3Dlightbox%26settings%3DeyJpZCI6NTg1LCJ1cmwiOiJodHRwczpcL1wvcGFya3p5d2lvbG93LnBsXC9lbXBpcmlhXC93cC1jb250ZW50XC91cGxvYWRzXC9zaXRlc1wvMlwvMjAyMVwvMDRcL0lNR18yMDIwMDcxMV8xMjI1MDgtc2NhbGVkLmpwZyIsInNsaWRlc2hvdyI6IjAzODgyYWYifQ%3D%3D\" href=\"https:\/\/parkzywiolow.pl\/empiria\/wp-content\/uploads\/sites\/2\/2021\/04\/IMG_20200711_122508-scaled.jpg\"><figure class=\"swiper-slide-inner\"><img class=\"swiper-slide-image\" src=\"https:\/\/parkzywiolow.pl\/empiria\/wp-content\/uploads\/sites\/2\/elementor\/thumbs\/IMG_20200711_122508-scaled-qj1h4wj1gl2vq9vap7tu0sk5dgxust5wi6ejkll0i8.jpg\" alt=\"IMG_20200711_122508\" \/><\/figure><\/a><\/div><div class=\"swiper-slide\"><a data-elementor-open-lightbox=\"yes\" data-elementor-lightbox-slideshow=\"03882af\" data-elementor-lightbox-title=\"IMG_20200711_122505\" e-action-hash=\"#elementor-action%3Aaction%3Dlightbox%26settings%3DeyJpZCI6NTg0LCJ1cmwiOiJodHRwczpcL1wvcGFya3p5d2lvbG93LnBsXC9lbXBpcmlhXC93cC1jb250ZW50XC91cGxvYWRzXC9zaXRlc1wvMlwvMjAyMVwvMDRcL0lNR18yMDIwMDcxMV8xMjI1MDUtc2NhbGVkLmpwZyIsInNsaWRlc2hvdyI6IjAzODgyYWYifQ%3D%3D\" href=\"https:\/\/parkzywiolow.pl\/empiria\/wp-content\/uploads\/sites\/2\/2021\/04\/IMG_20200711_122505-scaled.jpg\"><figure class=\"swiper-slide-inner\"><img class=\"swiper-slide-image\" src=\"https:\/\/parkzywiolow.pl\/empiria\/wp-content\/uploads\/sites\/2\/elementor\/thumbs\/IMG_20200711_122505-scaled-qj1h4wj1gl2vq9vap7tu0sk5dgxust5wi6ejkll0i8.jpg\" alt=\"IMG_20200711_122505\" \/><\/figure><\/a><\/div><div class=\"swiper-slide\"><a data-elementor-open-lightbox=\"yes\" data-elementor-lightbox-slideshow=\"03882af\" data-elementor-lightbox-title=\"IMG_20200711_122138\" e-action-hash=\"#elementor-action%3Aaction%3Dlightbox%26settings%3DeyJpZCI6NTgyLCJ1cmwiOiJodHRwczpcL1wvcGFya3p5d2lvbG93LnBsXC9lbXBpcmlhXC93cC1jb250ZW50XC91cGxvYWRzXC9zaXRlc1wvMlwvMjAyMVwvMDRcL0lNR18yMDIwMDcxMV8xMjIxMzgtc2NhbGVkLmpwZyIsInNsaWRlc2hvdyI6IjAzODgyYWYifQ%3D%3D\" href=\"https:\/\/parkzywiolow.pl\/empiria\/wp-content\/uploads\/sites\/2\/2021\/04\/IMG_20200711_122138-scaled.jpg\"><figure class=\"swiper-slide-inner\"><img class=\"swiper-slide-image\" src=\"https:\/\/parkzywiolow.pl\/empiria\/wp-content\/uploads\/sites\/2\/elementor\/thumbs\/IMG_20200711_122138-scaled-qj1h4wj1gl2vq9vap7tu0sk5dgxust5wi6ejkll0i8.jpg\" alt=\"IMG_20200711_122138\" \/><\/figure><\/a><\/div><div class=\"swiper-slide\"><a data-elementor-open-lightbox=\"yes\" data-elementor-lightbox-slideshow=\"03882af\" data-elementor-lightbox-title=\"IMG_20200711_122141\" e-action-hash=\"#elementor-action%3Aaction%3Dlightbox%26settings%3DeyJpZCI6NTgzLCJ1cmwiOiJodHRwczpcL1wvcGFya3p5d2lvbG93LnBsXC9lbXBpcmlhXC93cC1jb250ZW50XC91cGxvYWRzXC9zaXRlc1wvMlwvMjAyMVwvMDRcL0lNR18yMDIwMDcxMV8xMjIxNDEtc2NhbGVkLmpwZyIsInNsaWRlc2hvdyI6IjAzODgyYWYifQ%3D%3D\" href=\"https:\/\/parkzywiolow.pl\/empiria\/wp-content\/uploads\/sites\/2\/2021\/04\/IMG_20200711_122141-scaled.jpg\"><figure class=\"swiper-slide-inner\"><img class=\"swiper-slide-image\" src=\"https:\/\/parkzywiolow.pl\/empiria\/wp-content\/uploads\/sites\/2\/elementor\/thumbs\/IMG_20200711_122141-scaled-qj1h4wj1gl2vq9vap7tu0sk5dgxust5wi6ejkll0i8.jpg\" alt=\"IMG_20200711_122141\" \/><\/figure><\/a><\/div><div class=\"swiper-slide\"><a data-elementor-open-lightbox=\"yes\" data-elementor-lightbox-slideshow=\"03882af\" data-elementor-lightbox-title=\"IMG_20200725_161338\" e-action-hash=\"#elementor-action%3Aaction%3Dlightbox%26settings%3DeyJpZCI6NTgxLCJ1cmwiOiJodHRwczpcL1wvcGFya3p5d2lvbG93LnBsXC9lbXBpcmlhXC93cC1jb250ZW50XC91cGxvYWRzXC9zaXRlc1wvMlwvMjAyMVwvMDRcL0lNR18yMDIwMDcyNV8xNjEzMzgtc2NhbGVkLmpwZyIsInNsaWRlc2hvdyI6IjAzODgyYWYifQ%3D%3D\" href=\"https:\/\/parkzywiolow.pl\/empiria\/wp-content\/uploads\/sites\/2\/2021\/04\/IMG_20200725_161338-scaled.jpg\"><figure class=\"swiper-slide-inner\"><img class=\"swiper-slide-image\" src=\"https:\/\/parkzywiolow.pl\/empiria\/wp-content\/uploads\/sites\/2\/elementor\/thumbs\/IMG_20200725_161338-scaled-qj1h4wj1gl2vq9vap7tu0sk5dgxust5wi6ejkll0i8.jpg\" alt=\"IMG_20200725_161338\" \/><\/figure><\/a><\/div>\t\t\t<\/div>\n\t\t\t\t\t\t\t\t\t\t\t\t<div class=\"swiper-pagination\"><\/div>\n\t\t\t\t\t\t\t\t\t\t\t\t\t<div class=\"elementor-swiper-button elementor-swiper-button-prev\">\n\t\t\t\t\t\t<i aria-hidden=\"true\" class=\"eicon-chevron-left\"><\/i>\t\t\t\t\t\t<span class=\"elementor-screen-only\">Poprzednie<\/span>\n\t\t\t\t\t<\/div>\n\t\t\t\t\t<div class=\"elementor-swiper-button elementor-swiper-button-next\">\n\t\t\t\t\t\t<i aria-hidden=\"true\" class=\"eicon-chevron-right\"><\/i>\t\t\t\t\t\t<span class=\"elementor-screen-only\">Nast\u0119pne<\/span>\n\t\t\t\t\t<\/div>\n\t\t\t\t\t\t\t\t\t<\/div>\n\t\t\t\t<\/div>\n\t\t\t\t<\/div>\n\t\t\t\t\t<\/div>\n\t\t<\/div>\n\t\t\t\t\t\t\t<\/div>\n\t\t<\/section>\n\t\t\t\t<section class=\"elementor-section elementor-top-section elementor-element elementor-element-ec4b15c elementor-section-height-min-height elementor-section-boxed elementor-section-height-default elementor-section-items-middle\" data-id=\"ec4b15c\" data-element_type=\"section\">\n\t\t\t\t\t\t<div class=\"elementor-container elementor-column-gap-default\">\n\t\t\t\t\t<div class=\"elementor-column elementor-col-100 elementor-top-column elementor-element elementor-element-76cf3f03\" data-id=\"76cf3f03\" data-element_type=\"column\" data-settings=\"{&quot;background_background&quot;:&quot;gradient&quot;}\">\n\t\t\t<div class=\"elementor-widget-wrap elementor-element-populated\">\n\t\t\t\t\t\t\t\t<div class=\"elementor-element elementor-element-2060e460 elementor-widget elementor-widget-heading\" data-id=\"2060e460\" data-element_type=\"widget\" data-widget_type=\"heading.default\">\n\t\t\t\t<div class=\"elementor-widget-container\">\n\t\t\t<h2 class=\"elementor-heading-title elementor-size-default\">Zadaj nam pytanie!<\/h2>\t\t<\/div>\n\t\t\t\t<\/div>\n\t\t\t\t<div class=\"elementor-element elementor-element-63d6a11b elementor-widget elementor-widget-shortcode\" data-id=\"63d6a11b\" data-element_type=\"widget\" data-widget_type=\"shortcode.default\">\n\t\t\t\t<div class=\"elementor-widget-container\">\n\t\t\t\t\t<div class=\"elementor-shortcode\"><div role=\"form\" class=\"wpcf7\" id=\"wpcf7-f73-o1\" lang=\"pl-PL\" dir=\"ltr\">\n<div class=\"screen-reader-response\"><p role=\"status\" aria-live=\"polite\" aria-atomic=\"true\"><\/p> <ul><\/ul><\/div>\n<form action=\"\/empiria\/wp-json\/wp\/v2\/pages\/12#wpcf7-f73-o1\" method=\"post\" class=\"wpcf7-form init\" novalidate=\"novalidate\" data-status=\"init\">\n<div style=\"display: none;\">\n<input type=\"hidden\" name=\"_wpcf7\" value=\"73\" \/>\n<input type=\"hidden\" name=\"_wpcf7_version\" value=\"5.6\" \/>\n<input type=\"hidden\" name=\"_wpcf7_locale\" value=\"pl_PL\" \/>\n<input type=\"hidden\" name=\"_wpcf7_unit_tag\" value=\"wpcf7-f73-o1\" \/>\n<input type=\"hidden\" name=\"_wpcf7_container_post\" value=\"0\" \/>\n<input type=\"hidden\" name=\"_wpcf7_posted_data_hash\" value=\"\" \/>\n<input type=\"hidden\" name=\"_wpcf7_recaptcha_response\" value=\"\" \/>\n<\/div>\n<p><span class=\"wpcf7-form-control-wrap\" data-name=\"class:magic-hover__square\"><input type=\"text\" name=\"class:magic-hover__square\" value=\"\" size=\"40\" class=\"wpcf7-form-control wpcf7-text wpcf7-validates-as-required magic-hover glowna\" aria-required=\"true\" aria-invalid=\"false\" placeholder=\"Imi\u0119\" \/><\/span><\/p>\n<p><span class=\"wpcf7-form-control-wrap\" data-name=\"class:magic-hover__square\"><input type=\"email\" name=\"class:magic-hover__square\" value=\"\" size=\"40\" class=\"wpcf7-form-control wpcf7-text wpcf7-email wpcf7-validates-as-required wpcf7-validates-as-email magic-hover glowna\" aria-required=\"true\" aria-invalid=\"false\" placeholder=\"Adres e-mail\" \/><\/span><\/p>\n<p><span class=\"wpcf7-form-control-wrap\" data-name=\"class:magic-hover__square\"><textarea name=\"class:magic-hover__square\" cols=\"40\" rows=\"10\" class=\"wpcf7-form-control wpcf7-textarea wpcf7-validates-as-required magic-hover glowna\" aria-required=\"true\" aria-invalid=\"false\" placeholder=\"Tre\u015b\u0107 wiadomo\u015bci\"><\/textarea><\/span><\/p>\n<p><span class=\"wpcf7-form-control-wrap\" data-name=\"class:magic-hover__square\"><span class=\"wpcf7-form-control wpcf7-acceptance optional\"><span class=\"wpcf7-list-item\"><label><input type=\"checkbox\" name=\"class:magic-hover__square\" value=\"1\" aria-invalid=\"false\" class=\"magic-hover glowna\" \/><span class=\"wpcf7-list-item-label\">Przeczyta\u0142em nasz\u0105 <a class=\"\" href=\"magic-hover magic-hover__square\">polityk\u0119 prywatno\u015bci<\/a><\/span><\/label><\/span><\/span><\/span><\/p>\n<p><input type=\"submit\" value=\"Wy\u015blij\" class=\"wpcf7-form-control has-spinner wpcf7-submit glowna magic-hover__square magic-hover\" \/><\/p>\n<div class=\"wpcf7-response-output\" aria-hidden=\"true\"><\/div><\/form><\/div><\/div>\n\t\t\t\t<\/div>\n\t\t\t\t<\/div>\n\t\t\t\t\t<\/div>\n\t\t<\/div>\n\t\t\t\t\t\t\t<\/div>\n\t\t<\/section>\n\t\t\t\t\t\t\t<\/div>\n\t\t","protected":false},"excerpt":{"rendered":"<p>Pokazy naukowe Zapraszamy Was na warsztaty, w kt\u00f3rych nasi go\u015bcie ju\u017c od najm\u0142odszych lat mog\u0105 obcowa\u0107 ze \u015bwiatem nauki. Trwaj\u0105 one 45 lub 60 minut, a maksymalna liczba uczestnik\u00f3w wynosi 16. W ramach ka\u017cdego ze spotka\u0144 zapewniamy mo\u017cliwo\u015b\u0107 czynnego udzia\u0142u w fenomenalnych eksperymentach. B\u0119dziecie mogli samodzielnie doprowadzi\u0107 wulkan do wybuchu, zbudowa\u0107 sw\u00f3j podwodny \u015bwiat i [&hellip;]<\/p>\n","protected":false},"author":1,"featured_media":0,"parent":0,"menu_order":0,"comment_status":"closed","ping_status":"closed","template":"","meta":{"_monsterinsights_skip_tracking":false,"_monsterinsights_sitenote_active":false,"_monsterinsights_sitenote_note":"","_monsterinsights_sitenote_category":0},"yoast_head":"<!-- This site is optimized with the Yoast SEO plugin v19.3 - https:\/\/yoast.com\/wordpress\/plugins\/seo\/ -->\n<title>Pokazy Chemiczne - Empiria<\/title>\n<meta name=\"robots\" content=\"index, follow, max-snippet:-1, max-image-preview:large, max-video-preview:-1\" \/>\n<link rel=\"canonical\" href=\"https:\/\/parkzywiolow.pl\/empiria\/pokazy-chemiczne\/\" \/>\n<meta property=\"og:locale\" content=\"pl_PL\" \/>\n<meta property=\"og:type\" content=\"article\" \/>\n<meta property=\"og:title\" content=\"Pokazy Chemiczne - Empiria\" \/>\n<meta property=\"og:description\" content=\"Pokazy naukowe Zapraszamy Was na warsztaty, w kt\u00f3rych nasi go\u015bcie ju\u017c od najm\u0142odszych lat mog\u0105 obcowa\u0107 ze \u015bwiatem nauki. Trwaj\u0105 one 45 lub 60 minut, a maksymalna liczba uczestnik\u00f3w wynosi 16. W ramach ka\u017cdego ze spotka\u0144 zapewniamy mo\u017cliwo\u015b\u0107 czynnego udzia\u0142u w fenomenalnych eksperymentach. B\u0119dziecie mogli samodzielnie doprowadzi\u0107 wulkan do wybuchu, zbudowa\u0107 sw\u00f3j podwodny \u015bwiat i [&hellip;]\" \/>\n<meta property=\"og:url\" content=\"https:\/\/parkzywiolow.pl\/empiria\/pokazy-chemiczne\/\" \/>\n<meta property=\"og:site_name\" content=\"Empiria\" \/>\n<meta property=\"article:modified_time\" content=\"2021-05-05T16:17:30+00:00\" \/>\n<meta property=\"og:image\" content=\"https:\/\/parkzywiolow.pl\/empiria\/wp-content\/uploads\/sites\/2\/2021\/04\/IMG_20200725_161338-1024x768.jpg\" \/>\n<meta name=\"twitter:card\" content=\"summary_large_image\" \/>\n<script type=\"application\/ld+json\" class=\"yoast-schema-graph\">{\"@context\":\"https:\/\/schema.org\",\"@graph\":[{\"@type\":\"Organization\",\"@id\":\"https:\/\/parkzywiolow.pl\/empiria\/#organization\",\"name\":\"Empiria\",\"url\":\"https:\/\/parkzywiolow.pl\/empiria\/\",\"sameAs\":[],\"logo\":{\"@type\":\"ImageObject\",\"inLanguage\":\"pl-PL\",\"@id\":\"https:\/\/parkzywiolow.pl\/empiria\/#\/schema\/logo\/image\/\",\"url\":\"https:\/\/parkzywiolow.pl\/empiria\/wp-content\/uploads\/sites\/2\/2024\/05\/empiria1.png\",\"contentUrl\":\"https:\/\/parkzywiolow.pl\/empiria\/wp-content\/uploads\/sites\/2\/2024\/05\/empiria1.png\",\"width\":240,\"height\":46,\"caption\":\"Empiria\"},\"image\":{\"@id\":\"https:\/\/parkzywiolow.pl\/empiria\/#\/schema\/logo\/image\/\"}},{\"@type\":\"WebSite\",\"@id\":\"https:\/\/parkzywiolow.pl\/empiria\/#website\",\"url\":\"https:\/\/parkzywiolow.pl\/empiria\/\",\"name\":\"Empiria\",\"description\":\"\",\"publisher\":{\"@id\":\"https:\/\/parkzywiolow.pl\/empiria\/#organization\"},\"potentialAction\":[{\"@type\":\"SearchAction\",\"target\":{\"@type\":\"EntryPoint\",\"urlTemplate\":\"https:\/\/parkzywiolow.pl\/empiria\/?s={search_term_string}\"},\"query-input\":\"required name=search_term_string\"}],\"inLanguage\":\"pl-PL\"},{\"@type\":\"ImageObject\",\"inLanguage\":\"pl-PL\",\"@id\":\"https:\/\/parkzywiolow.pl\/empiria\/pokazy-chemiczne\/#primaryimage\",\"url\":\"https:\/\/parkzywiolow.pl\/empiria\/wp-content\/uploads\/sites\/2\/2021\/04\/IMG_20200725_161338-1024x768.jpg\",\"contentUrl\":\"https:\/\/parkzywiolow.pl\/empiria\/wp-content\/uploads\/sites\/2\/2021\/04\/IMG_20200725_161338-1024x768.jpg\"},{\"@type\":\"WebPage\",\"@id\":\"https:\/\/parkzywiolow.pl\/empiria\/pokazy-chemiczne\/\",\"url\":\"https:\/\/parkzywiolow.pl\/empiria\/pokazy-chemiczne\/\",\"name\":\"Pokazy Chemiczne - Empiria\",\"isPartOf\":{\"@id\":\"https:\/\/parkzywiolow.pl\/empiria\/#website\"},\"primaryImageOfPage\":{\"@id\":\"https:\/\/parkzywiolow.pl\/empiria\/pokazy-chemiczne\/#primaryimage\"},\"datePublished\":\"2021-04-19T19:28:54+00:00\",\"dateModified\":\"2021-05-05T16:17:30+00:00\",\"breadcrumb\":{\"@id\":\"https:\/\/parkzywiolow.pl\/empiria\/pokazy-chemiczne\/#breadcrumb\"},\"inLanguage\":\"pl-PL\",\"potentialAction\":[{\"@type\":\"ReadAction\",\"target\":[\"https:\/\/parkzywiolow.pl\/empiria\/pokazy-chemiczne\/\"]}]},{\"@type\":\"BreadcrumbList\",\"@id\":\"https:\/\/parkzywiolow.pl\/empiria\/pokazy-chemiczne\/#breadcrumb\",\"itemListElement\":[{\"@type\":\"ListItem\",\"position\":1,\"name\":\"Strona g\u0142\u00f3wna\",\"item\":\"https:\/\/parkzywiolow.pl\/empiria\/\"},{\"@type\":\"ListItem\",\"position\":2,\"name\":\"Pokazy Chemiczne\"}]}]}<\/script>\n<!-- \/ Yoast SEO plugin. -->","yoast_head_json":{"title":"Pokazy Chemiczne - Empiria","robots":{"index":"index","follow":"follow","max-snippet":"max-snippet:-1","max-image-preview":"max-image-preview:large","max-video-preview":"max-video-preview:-1"},"canonical":"https:\/\/parkzywiolow.pl\/empiria\/pokazy-chemiczne\/","og_locale":"pl_PL","og_type":"article","og_title":"Pokazy Chemiczne - Empiria","og_description":"Pokazy naukowe Zapraszamy Was na warsztaty, w kt\u00f3rych nasi go\u015bcie ju\u017c od najm\u0142odszych lat mog\u0105 obcowa\u0107 ze \u015bwiatem nauki. Trwaj\u0105 one 45 lub 60 minut, a maksymalna liczba uczestnik\u00f3w wynosi 16. W ramach ka\u017cdego ze spotka\u0144 zapewniamy mo\u017cliwo\u015b\u0107 czynnego udzia\u0142u w fenomenalnych eksperymentach. B\u0119dziecie mogli samodzielnie doprowadzi\u0107 wulkan do wybuchu, zbudowa\u0107 sw\u00f3j podwodny \u015bwiat i [&hellip;]","og_url":"https:\/\/parkzywiolow.pl\/empiria\/pokazy-chemiczne\/","og_site_name":"Empiria","article_modified_time":"2021-05-05T16:17:30+00:00","og_image":[{"url":"https:\/\/parkzywiolow.pl\/empiria\/wp-content\/uploads\/sites\/2\/2021\/04\/IMG_20200725_161338-1024x768.jpg"}],"twitter_card":"summary_large_image","schema":{"@context":"https:\/\/schema.org","@graph":[{"@type":"Organization","@id":"https:\/\/parkzywiolow.pl\/empiria\/#organization","name":"Empiria","url":"https:\/\/parkzywiolow.pl\/empiria\/","sameAs":[],"logo":{"@type":"ImageObject","inLanguage":"pl-PL","@id":"https:\/\/parkzywiolow.pl\/empiria\/#\/schema\/logo\/image\/","url":"https:\/\/parkzywiolow.pl\/empiria\/wp-content\/uploads\/sites\/2\/2024\/05\/empiria1.png","contentUrl":"https:\/\/parkzywiolow.pl\/empiria\/wp-content\/uploads\/sites\/2\/2024\/05\/empiria1.png","width":240,"height":46,"caption":"Empiria"},"image":{"@id":"https:\/\/parkzywiolow.pl\/empiria\/#\/schema\/logo\/image\/"}},{"@type":"WebSite","@id":"https:\/\/parkzywiolow.pl\/empiria\/#website","url":"https:\/\/parkzywiolow.pl\/empiria\/","name":"Empiria","description":"","publisher":{"@id":"https:\/\/parkzywiolow.pl\/empiria\/#organization"},"potentialAction":[{"@type":"SearchAction","target":{"@type":"EntryPoint","urlTemplate":"https:\/\/parkzywiolow.pl\/empiria\/?s={search_term_string}"},"query-input":"required name=search_term_string"}],"inLanguage":"pl-PL"},{"@type":"ImageObject","inLanguage":"pl-PL","@id":"https:\/\/parkzywiolow.pl\/empiria\/pokazy-chemiczne\/#primaryimage","url":"https:\/\/parkzywiolow.pl\/empiria\/wp-content\/uploads\/sites\/2\/2021\/04\/IMG_20200725_161338-1024x768.jpg","contentUrl":"https:\/\/parkzywiolow.pl\/empiria\/wp-content\/uploads\/sites\/2\/2021\/04\/IMG_20200725_161338-1024x768.jpg"},{"@type":"WebPage","@id":"https:\/\/parkzywiolow.pl\/empiria\/pokazy-chemiczne\/","url":"https:\/\/parkzywiolow.pl\/empiria\/pokazy-chemiczne\/","name":"Pokazy Chemiczne - Empiria","isPartOf":{"@id":"https:\/\/parkzywiolow.pl\/empiria\/#website"},"primaryImageOfPage":{"@id":"https:\/\/parkzywiolow.pl\/empiria\/pokazy-chemiczne\/#primaryimage"},"datePublished":"2021-04-19T19:28:54+00:00","dateModified":"2021-05-05T16:17:30+00:00","breadcrumb":{"@id":"https:\/\/parkzywiolow.pl\/empiria\/pokazy-chemiczne\/#breadcrumb"},"inLanguage":"pl-PL","potentialAction":[{"@type":"ReadAction","target":["https:\/\/parkzywiolow.pl\/empiria\/pokazy-chemiczne\/"]}]},{"@type":"BreadcrumbList","@id":"https:\/\/parkzywiolow.pl\/empiria\/pokazy-chemiczne\/#breadcrumb","itemListElement":[{"@type":"ListItem","position":1,"name":"Strona g\u0142\u00f3wna","item":"https:\/\/parkzywiolow.pl\/empiria\/"},{"@type":"ListItem","position":2,"name":"Pokazy Chemiczne"}]}]}},"_links":{"self":[{"href":"https:\/\/parkzywiolow.pl\/empiria\/wp-json\/wp\/v2\/pages\/12"}],"collection":[{"href":"https:\/\/parkzywiolow.pl\/empiria\/wp-json\/wp\/v2\/pages"}],"about":[{"href":"https:\/\/parkzywiolow.pl\/empiria\/wp-json\/wp\/v2\/types\/page"}],"author":[{"embeddable":true,"href":"https:\/\/parkzywiolow.pl\/empiria\/wp-json\/wp\/v2\/users\/1"}],"replies":[{"embeddable":true,"href":"https:\/\/parkzywiolow.pl\/empiria\/wp-json\/wp\/v2\/comments?post=12"}],"version-history":[{"count":43,"href":"https:\/\/parkzywiolow.pl\/empiria\/wp-json\/wp\/v2\/pages\/12\/revisions"}],"predecessor-version":[{"id":782,"href":"https:\/\/parkzywiolow.pl\/empiria\/wp-json\/wp\/v2\/pages\/12\/revisions\/782"}],"wp:attachment":[{"href":"https:\/\/parkzywiolow.pl\/empiria\/wp-json\/wp\/v2\/media?parent=12"}],"curies":[{"name":"wp","href":"https:\/\/api.w.org\/{rel}","templated":true}]}}